{"id":193,"date":"2018-11-28T10:19:23","date_gmt":"2018-11-28T10:19:23","guid":{"rendered":"https:\/\/www.homar.pt\/novo\/?page_id=193"},"modified":"2018-11-28T16:25:25","modified_gmt":"2018-11-28T16:25:25","slug":"sistemas-isolados","status":"publish","type":"page","link":"https:\/\/www.homar.pt\/novo\/sistemas-isolados\/","title":{"rendered":"Sistemas Isolados"},"content":{"rendered":"<p>[et_pb_section bb_built=&#8221;1&#8243; fullwidth=&#8221;on&#8221; specialty=&#8221;off&#8221; next_background_color=&#8221;#000000&#8243;][et_pb_fullwidth_header _builder_version=&#8221;3.17.6&#8243; title=&#8221;Sistemas Isolados&#8221; background_color=&#8221;#f4f4f4&#8243; border_width_top=&#8221;2px&#8221; border_color_top=&#8221;#eeeeee&#8221; border_width_bottom=&#8221;1px&#8221; border_color_bottom=&#8221;#eeeeee&#8221; title_text_color=&#8221;#00923f&#8221; \/][\/et_pb_section][et_pb_section bb_built=&#8221;1&#8243; prev_background_color=&#8221;#000000&#8243;][et_pb_row][et_pb_column type=&#8221;3_5&#8243;][et_pb_text _builder_version=&#8221;3.17.6&#8243;]<\/p>\n<h3>Quem pode usufruir<\/h3>\n<p>Os sistemas isolados \u00e9 uma solu\u00e7\u00e3o para locais onde n\u00e3o exista energia proveniente da rede el\u00e9ctrica publica. Os exemplos mais comuns s\u00e3o as autocaravanas, barcos ou habita\u00e7\u00f5es que n\u00e3o tenham acesso \u00e0 rede el\u00e9ctrica publica.<br \/>Recorrendo a pain\u00e9is solares, baterias de acumula\u00e7\u00e3o e um inversor \u00e9 poss\u00edvel garantir a alimenta\u00e7\u00e3o \u00e0s cargas convencionais.<\/p>\n<p>[\/et_pb_text][\/et_pb_column][et_pb_column type=&#8221;2_5&#8243;][et_pb_text _builder_version=&#8221;3.17.6&#8243;]<\/p>\n<h3>Aplica\u00e7\u00f5es<\/h3>\n<p>&nbsp;<\/p>\n<ul>\n<li><i class=\"fa fa-check-square\"><\/i>\u00a0Caravanas e Barcos.<\/li>\n<li><i class=\"fa fa-check-square\"><\/i>\u00a0Habita\u00e7\u00f5es isoladas<\/li>\n<li><i class=\"fa fa-check-square\"><\/i>\u00a0Sinal\u00e9tica luminosa.<\/li>\n<\/ul>\n<p>&nbsp;<\/p>\n<p>[\/et_pb_text][\/et_pb_column][\/et_pb_row][et_pb_row][et_pb_column type=&#8221;4_4&#8243;][et_pb_image _builder_version=&#8221;3.17.6&#8243; src=&#8221;https:\/\/www.homar.pt\/novo\/wp-content\/uploads\/2018\/11\/image016.jpg&#8221; \/][\/et_pb_column][\/et_pb_row][\/et_pb_section]<\/p>\n","protected":false},"excerpt":{"rendered":"<p><div class=\"et_pb_row et_pb_row_0 et_pb_row_empty\">\n\t\t\t\t\n\t\t\t\t\n\t\t\t\t\n\t\t\t\t\n\t\t\t\t\n\t\t\t<\/div> Quem pode usufruirOs sistemas isolados \u00e9 uma solu\u00e7\u00e3o para locais onde n\u00e3o exista energia proveniente da rede el\u00e9ctrica publica. Os exemplos mais comuns s\u00e3o as autocaravanas, barcos ou habita\u00e7\u00f5es que n\u00e3o tenham acesso \u00e0 rede el\u00e9ctrica publica.Recorrendo a pain\u00e9is solares, baterias de acumula\u00e7\u00e3o e um inversor \u00e9 poss\u00edvel garantir a alimenta\u00e7\u00e3o \u00e0s cargas convencionais. [&hellip;]<\/p>\n","protected":false},"author":1,"featured_media":0,"parent":0,"menu_order":0,"comment_status":"closed","ping_status":"closed","template":"","meta":{"_et_pb_use_builder":"on","_et_pb_old_content":"","_et_gb_content_width":"","footnotes":""},"class_list":["post-193","page","type-page","status-publish","hentry"],"_links":{"self":[{"href":"https:\/\/www.homar.pt\/novo\/wp-json\/wp\/v2\/pages\/193","targetHints":{"allow":["GET"]}}],"collection":[{"href":"https:\/\/www.homar.pt\/novo\/wp-json\/wp\/v2\/pages"}],"about":[{"href":"https:\/\/www.homar.pt\/novo\/wp-json\/wp\/v2\/types\/page"}],"author":[{"embeddable":true,"href":"https:\/\/www.homar.pt\/novo\/wp-json\/wp\/v2\/users\/1"}],"replies":[{"embeddable":true,"href":"https:\/\/www.homar.pt\/novo\/wp-json\/wp\/v2\/comments?post=193"}],"version-history":[{"count":7,"href":"https:\/\/www.homar.pt\/novo\/wp-json\/wp\/v2\/pages\/193\/revisions"}],"predecessor-version":[{"id":281,"href":"https:\/\/www.homar.pt\/novo\/wp-json\/wp\/v2\/pages\/193\/revisions\/281"}],"wp:attachment":[{"href":"https:\/\/www.homar.pt\/novo\/wp-json\/wp\/v2\/media?parent=193"}],"curies":[{"name":"wp","href":"https:\/\/api.w.org\/{rel}","templated":true}]}}