{"id":199,"date":"2018-11-28T10:24:06","date_gmt":"2018-11-28T10:24:06","guid":{"rendered":"https:\/\/www.homar.pt\/novo\/?page_id=199"},"modified":"2024-05-07T15:52:04","modified_gmt":"2024-05-07T15:52:04","slug":"bombagem-solar","status":"publish","type":"page","link":"https:\/\/www.homar.pt\/novo\/bombagem-solar\/","title":{"rendered":"Bombagem Solar"},"content":{"rendered":"<p>[et_pb_section fb_built=&#8221;1&#8243; fullwidth=&#8221;on&#8221; _builder_version=&#8221;4.16&#8243; global_colors_info=&#8221;{}&#8221;][et_pb_fullwidth_header title=&#8221;Bombagem Solar&#8221; _builder_version=&#8221;4.16&#8243; title_text_color=&#8221;#00923f&#8221; background_color=&#8221;#f4f4f4&#8243; border_width_top=&#8221;2px&#8221; border_color_top=&#8221;#eeeeee&#8221; border_width_bottom=&#8221;1px&#8221; border_color_bottom=&#8221;#eeeeee&#8221; global_colors_info=&#8221;{}&#8221;][\/et_pb_fullwidth_header][\/et_pb_section][et_pb_section fb_built=&#8221;1&#8243; _builder_version=&#8221;4.16&#8243; global_colors_info=&#8221;{}&#8221;][et_pb_row _builder_version=&#8221;4.16&#8243; background_size=&#8221;initial&#8221; background_position=&#8221;top_left&#8221; background_repeat=&#8221;repeat&#8221; global_colors_info=&#8221;{}&#8221;][et_pb_column type=&#8221;4_4&#8243; _builder_version=&#8221;4.16&#8243; custom_padding=&#8221;|||&#8221; global_colors_info=&#8221;{}&#8221; custom_padding__hover=&#8221;|||&#8221;][et_pb_text _builder_version=&#8221;4.16&#8243; global_colors_info=&#8221;{}&#8221;]<\/p>\n<h3>Pain\u00e9is fotovoltaicos com Solar Pump Controller<\/h3>\n<p>Os sistemas de Bombagem Solar que utilizam pain\u00e9is fotovoltaicos tem dois objetivos principais, alimentar eletricamente furos ou bombagens em locais onde n\u00e3o exista rede el\u00e9trica p\u00fablica pr\u00f3xima e reduzir os custos associados ao consumo de energia el\u00e9trica com furos ou bombagens.<\/p>\n<p>Desenvolvido pela Homar, o\u00a0<strong><em>Solar Pump Controller<\/em><\/strong>\u00a0\u00e9 o dispositivo de baixo custo que permite aliar a produ\u00e7\u00e3o de energia solar com as diversas aplica\u00e7\u00f5es:<\/p>\n<p><strong>Instala\u00e7\u00f5es Existentes<\/strong><br \/>Quando existe um sistema de bombagem alimentado pela rede el\u00e9trica p\u00fablica pode-se utilizar a unidade <em><strong>Solar Pump Controller<\/strong><\/em> para alimentar com energia solar a bomba AC existente, monof\u00e1sica ou trif\u00e1sica. Neste caso ser\u00e3o necess\u00e1rios apenas os m\u00f3dulos fotovoltaicos e a referida unidade de controlo.<\/p>\n<p><strong>Instala\u00e7\u00f5es Novas<\/strong><br \/>Quando no local n\u00e3o existe rede el\u00e9trica mas prev\u00ea-se que possa vir a existir pode-se utilizar a unidade <em><strong>Solar Pump Controller<\/strong><\/em> para alimentar com energia solar uma bomba AC nova, monof\u00e1sica ou trif\u00e1sica. Neste caso ser\u00e3o necess\u00e1rios os m\u00f3dulos fotovoltaicos, a referida unidade de controlo e a bomba AC.<\/p>\n<p>&nbsp;<\/p>\n<p>[\/et_pb_text][et_pb_image src=&#8221;https:\/\/www.homar.pt\/novo\/wp-content\/uploads\/2018\/11\/bombasolar.jpg&#8221; align_tablet=&#8221;center&#8221; align_last_edited=&#8221;on|desktop&#8221; _builder_version=&#8221;4.16&#8243; global_colors_info=&#8221;{}&#8221; align_phone=&#8221;center&#8221;][\/et_pb_image][\/et_pb_column][\/et_pb_row][et_pb_row _builder_version=&#8221;4.16&#8243; custom_padding=&#8221;0px|0px|0px|0px&#8221; border_radii=&#8221;on|0px|0px|0px|0px&#8221; border_color_all=&#8221;#f9f9f9&#8243; global_colors_info=&#8221;{}&#8221; column_structure=&#8221;2_3,1_3&#8243;][et_pb_column type=&#8221;2_3&#8243; _builder_version=&#8221;4.16&#8243; custom_padding=&#8221;|||&#8221; global_colors_info=&#8221;{}&#8221; custom_padding__hover=&#8221;|||&#8221;][et_pb_text _builder_version=&#8221;4.16&#8243; border_color_all=&#8221;#e0e0e0&#8243; global_colors_info=&#8221;{}&#8221;]<\/p>\n<h3 style=\"text-align: center;\">Visite a nossa Galeria para ver mais exemplos<\/h3>\n<p>[\/et_pb_text][\/et_pb_column][et_pb_column type=&#8221;1_3&#8243; _builder_version=&#8221;4.16&#8243; custom_padding=&#8221;|||&#8221; global_colors_info=&#8221;{}&#8221; custom_padding__hover=&#8221;|||&#8221;][et_pb_button button_url=&#8221;https:\/\/www.homar.pt\/novo\/galeria&#8221; button_text=&#8221;Galeria&#8221; _builder_version=&#8221;4.16&#8243; global_colors_info=&#8221;{}&#8221;][\/et_pb_button][\/et_pb_column][\/et_pb_row][\/et_pb_section]<\/p>\n","protected":false},"excerpt":{"rendered":"<p>Pain\u00e9is fotovoltaicos com Solar Pump Controller Os sistemas de Bombagem Solar que utilizam pain\u00e9is fotovoltaicos tem dois objetivos principais, alimentar eletricamente furos ou bombagens em locais onde n\u00e3o exista rede el\u00e9trica p\u00fablica pr\u00f3xima e reduzir os custos associados ao consumo de energia el\u00e9trica com furos ou bombagens. Desenvolvido pela Homar, o\u00a0Solar Pump Controller\u00a0\u00e9 o dispositivo [&hellip;]<\/p>\n","protected":false},"author":1,"featured_media":0,"parent":0,"menu_order":0,"comment_status":"closed","ping_status":"closed","template":"","meta":{"_et_pb_use_builder":"on","_et_pb_old_content":"","_et_gb_content_width":"","footnotes":""},"class_list":["post-199","page","type-page","status-publish","hentry"],"_links":{"self":[{"href":"https:\/\/www.homar.pt\/novo\/wp-json\/wp\/v2\/pages\/199","targetHints":{"allow":["GET"]}}],"collection":[{"href":"https:\/\/www.homar.pt\/novo\/wp-json\/wp\/v2\/pages"}],"about":[{"href":"https:\/\/www.homar.pt\/novo\/wp-json\/wp\/v2\/types\/page"}],"author":[{"embeddable":true,"href":"https:\/\/www.homar.pt\/novo\/wp-json\/wp\/v2\/users\/1"}],"replies":[{"embeddable":true,"href":"https:\/\/www.homar.pt\/novo\/wp-json\/wp\/v2\/comments?post=199"}],"version-history":[{"count":3,"href":"https:\/\/www.homar.pt\/novo\/wp-json\/wp\/v2\/pages\/199\/revisions"}],"predecessor-version":[{"id":664,"href":"https:\/\/www.homar.pt\/novo\/wp-json\/wp\/v2\/pages\/199\/revisions\/664"}],"wp:attachment":[{"href":"https:\/\/www.homar.pt\/novo\/wp-json\/wp\/v2\/media?parent=199"}],"curies":[{"name":"wp","href":"https:\/\/api.w.org\/{rel}","templated":true}]}}