{"id":208,"date":"2018-11-28T10:32:47","date_gmt":"2018-11-28T10:32:47","guid":{"rendered":"https:\/\/www.homar.pt\/novo\/?page_id=208"},"modified":"2018-11-28T10:33:02","modified_gmt":"2018-11-28T10:33:02","slug":"agricultura","status":"publish","type":"page","link":"https:\/\/www.homar.pt\/novo\/agricultura\/","title":{"rendered":"Agricultura"},"content":{"rendered":"<p>[et_pb_section bb_built=&#8221;1&#8243;][et_pb_row][et_pb_column type=&#8221;4_4&#8243;][et_pb_text _builder_version=&#8221;3.17.6&#8243;]<\/p>\n<h1>Agricultura<\/h1>\n<p>&nbsp;<\/p>\n<p>No \u00e2mbito dos novos apoios comunit\u00e1rios para a agricultura, que procura incentivar o crescimento desta \u00e1rea, a Homar marca presen\u00e7a no apoio \u00e0 constru\u00e7\u00e3o integral de pomares de kiwis.<\/p>\n<p>Neste sentido aliamos as novas tecnologias \u00e0 agricultura propondo novas formas de constru\u00e7\u00e3o de pomares e sistemas de rega mais eficientes.<\/p>\n<p>&nbsp;<\/p>\n<p>&nbsp;<\/p>\n<p>[\/et_pb_text][et_pb_image _builder_version=&#8221;3.17.6&#8243; src=&#8221;https:\/\/www.homar.pt\/novo\/wp-content\/uploads\/2018\/11\/foto-resize.jpg&#8221; \/][\/et_pb_column][\/et_pb_row][et_pb_row][et_pb_column type=&#8221;4_4&#8243;][et_pb_image _builder_version=&#8221;3.17.6&#8243; src=&#8221;https:\/\/www.homar.pt\/novo\/wp-content\/uploads\/2018\/11\/agricultura_1.jpg&#8221; \/][\/et_pb_column][\/et_pb_row][\/et_pb_section]<\/p>\n","protected":false},"excerpt":{"rendered":"<p><div class=\"et_pb_row et_pb_row_0 et_pb_row_empty\">\n\t\t\t\t\n\t\t\t\t\n\t\t\t\t\n\t\t\t\t\n\t\t\t\t\n\t\t\t<\/div> Agricultura &nbsp; No \u00e2mbito dos novos apoios comunit\u00e1rios para a agricultura, que procura incentivar o crescimento desta \u00e1rea, a Homar marca presen\u00e7a no apoio \u00e0 constru\u00e7\u00e3o integral de pomares de kiwis. Neste sentido aliamos as novas tecnologias \u00e0 agricultura propondo novas formas de constru\u00e7\u00e3o de pomares e sistemas de rega mais eficientes. &nbsp; &nbsp; [&hellip;]<\/p>\n","protected":false},"author":1,"featured_media":0,"parent":0,"menu_order":0,"comment_status":"closed","ping_status":"closed","template":"","meta":{"_et_pb_use_builder":"on","_et_pb_old_content":"","_et_gb_content_width":"","footnotes":""},"class_list":["post-208","page","type-page","status-publish","hentry"],"_links":{"self":[{"href":"https:\/\/www.homar.pt\/novo\/wp-json\/wp\/v2\/pages\/208","targetHints":{"allow":["GET"]}}],"collection":[{"href":"https:\/\/www.homar.pt\/novo\/wp-json\/wp\/v2\/pages"}],"about":[{"href":"https:\/\/www.homar.pt\/novo\/wp-json\/wp\/v2\/types\/page"}],"author":[{"embeddable":true,"href":"https:\/\/www.homar.pt\/novo\/wp-json\/wp\/v2\/users\/1"}],"replies":[{"embeddable":true,"href":"https:\/\/www.homar.pt\/novo\/wp-json\/wp\/v2\/comments?post=208"}],"version-history":[{"count":2,"href":"https:\/\/www.homar.pt\/novo\/wp-json\/wp\/v2\/pages\/208\/revisions"}],"predecessor-version":[{"id":210,"href":"https:\/\/www.homar.pt\/novo\/wp-json\/wp\/v2\/pages\/208\/revisions\/210"}],"wp:attachment":[{"href":"https:\/\/www.homar.pt\/novo\/wp-json\/wp\/v2\/media?parent=208"}],"curies":[{"name":"wp","href":"https:\/\/api.w.org\/{rel}","templated":true}]}}