{"id":211,"date":"2018-11-28T10:36:09","date_gmt":"2018-11-28T10:36:09","guid":{"rendered":"https:\/\/www.homar.pt\/novo\/?page_id=211"},"modified":"2018-11-28T16:27:43","modified_gmt":"2018-11-28T16:27:43","slug":"pomares-2","status":"publish","type":"page","link":"https:\/\/www.homar.pt\/novo\/pomares-2\/","title":{"rendered":"Pomares"},"content":{"rendered":"<p>[et_pb_section bb_built=&#8221;1&#8243; fullwidth=&#8221;on&#8221; specialty=&#8221;off&#8221; next_background_color=&#8221;#000000&#8243;][et_pb_fullwidth_header _builder_version=&#8221;3.17.6&#8243; title=&#8221;Pomares&#8221; background_color=&#8221;#f4f4f4&#8243; border_width_top=&#8221;2px&#8221; border_color_top=&#8221;#eeeeee&#8221; border_width_bottom=&#8221;1px&#8221; border_color_bottom=&#8221;#eeeeee&#8221; title_text_color=&#8221;#00923f&#8221; \/][\/et_pb_section][et_pb_section bb_built=&#8221;1&#8243; prev_background_color=&#8221;#000000&#8243;][et_pb_row][et_pb_column type=&#8221;1_2&#8243;][et_pb_text _builder_version=&#8221;3.17.6&#8243;]<\/p>\n<h3>Descri\u00e7\u00e3o<\/h3>\n<p>A Homar apresenta solu\u00e7\u00f5es para a agricultura, nomeadamente a instala\u00e7\u00e3o completa de pomares de kiwis.<\/p>\n<p>[\/et_pb_text][\/et_pb_column][et_pb_column type=&#8221;1_2&#8243;][et_pb_text _builder_version=&#8221;3.17.6&#8243;]<\/p>\n<h3>Solu\u00e7\u00f5es<\/h3>\n<ul>\n<li><i class=\"fa fa-check-square\"><\/i>Execu\u00e7\u00e3o de estudo e projecto de implanta\u00e7\u00e3o de estruturas.<\/li>\n<li>Estruturas em p\u00e9rgola para pomares de Kiwis.<\/li>\n<li>Estruturas tipo cruzeta para pomares de Kiwis.<\/li>\n<li>Estruturas com cobertura antigranizo.<\/li>\n<li>Estruturas com cobertura antichuva.<\/li>\n<li>Planta\u00e7\u00e3o integral de plantas de kiwis.<\/li>\n<\/ul>\n<p>[\/et_pb_text][\/et_pb_column][\/et_pb_row][et_pb_row][et_pb_column type=&#8221;4_4&#8243;][et_pb_image _builder_version=&#8221;3.17.6&#8243; src=&#8221;https:\/\/www.homar.pt\/novo\/wp-content\/uploads\/2018\/11\/Pomares-1024&#215;557.png&#8221; \/][\/et_pb_column][\/et_pb_row][et_pb_row][et_pb_column type=&#8221;4_4&#8243;][et_pb_text _builder_version=&#8221;3.17.6&#8243;]<\/p>\n<h3>VIDEOS<\/h3>\n<p>[\/et_pb_text][\/et_pb_column][\/et_pb_row][et_pb_row][et_pb_column type=&#8221;1_2&#8243;][et_pb_video _builder_version=&#8221;3.17.6&#8243; src=&#8221;https:\/\/www.youtube.com\/watch?v=YHX82KumxJo&#8221; image_src=&#8221;\/\/i.ytimg.com\/vi\/YHX82KumxJo\/hqdefault.jpg&#8221; \/][et_pb_video _builder_version=&#8221;3.17.6&#8243; src=&#8221;https:\/\/www.youtube.com\/watch?v=C1CZC0z9pf8&#8243; image_src=&#8221;\/\/i.ytimg.com\/vi\/C1CZC0z9pf8\/hqdefault.jpg&#8221; \/][\/et_pb_column][et_pb_column type=&#8221;1_2&#8243;][et_pb_video _builder_version=&#8221;3.17.6&#8243; src=&#8221;https:\/\/www.youtube.com\/watch?v=MBeubPkoAZ8&#8243; image_src=&#8221;\/\/i.ytimg.com\/vi\/MBeubPkoAZ8\/hqdefault.jpg&#8221; \/][\/et_pb_column][\/et_pb_row][et_pb_row _builder_version=&#8221;3.17.6&#8243; custom_padding=&#8221;0px|0px|0px|0px&#8221; border_radii=&#8221;on|0px|0px|0px|0px&#8221; border_color_all=&#8221;#f9f9f9&#8243;][et_pb_column type=&#8221;2_3&#8243;][et_pb_text _builder_version=&#8221;3.17.6&#8243; border_color_all=&#8221;#e0e0e0&#8243;]<\/p>\n<h3 style=\"text-align: center;\">Visite a nossa Galeria para ver mais exemplos<\/h3>\n<p>[\/et_pb_text][\/et_pb_column][et_pb_column type=&#8221;1_3&#8243;][et_pb_button _builder_version=&#8221;3.17.6&#8243; button_text=&#8221;Galeria&#8221; button_url=&#8221;https:\/\/www.homar.pt\/novo\/galeria&#8221; \/][\/et_pb_column][\/et_pb_row][\/et_pb_section]<\/p>\n","protected":false},"excerpt":{"rendered":"<p><div class=\"et_pb_row et_pb_row_0 et_pb_row_empty\">\n\t\t\t\t\n\t\t\t\t\n\t\t\t\t\n\t\t\t\t\n\t\t\t\t\n\t\t\t<\/div> Descri\u00e7\u00e3o A Homar apresenta solu\u00e7\u00f5es para a agricultura, nomeadamente a instala\u00e7\u00e3o completa de pomares de kiwis. Solu\u00e7\u00f5es Execu\u00e7\u00e3o de estudo e projecto de implanta\u00e7\u00e3o de estruturas. Estruturas em p\u00e9rgola para pomares de Kiwis. Estruturas tipo cruzeta para pomares de Kiwis. Estruturas com cobertura antigranizo. Estruturas com cobertura antichuva. Planta\u00e7\u00e3o integral de plantas de kiwis. [&hellip;]<\/p>\n","protected":false},"author":1,"featured_media":0,"parent":0,"menu_order":0,"comment_status":"closed","ping_status":"closed","template":"","meta":{"_et_pb_use_builder":"on","_et_pb_old_content":"","_et_gb_content_width":"","footnotes":""},"class_list":["post-211","page","type-page","status-publish","hentry"],"_links":{"self":[{"href":"https:\/\/www.homar.pt\/novo\/wp-json\/wp\/v2\/pages\/211","targetHints":{"allow":["GET"]}}],"collection":[{"href":"https:\/\/www.homar.pt\/novo\/wp-json\/wp\/v2\/pages"}],"about":[{"href":"https:\/\/www.homar.pt\/novo\/wp-json\/wp\/v2\/types\/page"}],"author":[{"embeddable":true,"href":"https:\/\/www.homar.pt\/novo\/wp-json\/wp\/v2\/users\/1"}],"replies":[{"embeddable":true,"href":"https:\/\/www.homar.pt\/novo\/wp-json\/wp\/v2\/comments?post=211"}],"version-history":[{"count":4,"href":"https:\/\/www.homar.pt\/novo\/wp-json\/wp\/v2\/pages\/211\/revisions"}],"predecessor-version":[{"id":287,"href":"https:\/\/www.homar.pt\/novo\/wp-json\/wp\/v2\/pages\/211\/revisions\/287"}],"wp:attachment":[{"href":"https:\/\/www.homar.pt\/novo\/wp-json\/wp\/v2\/media?parent=211"}],"curies":[{"name":"wp","href":"https:\/\/api.w.org\/{rel}","templated":true}]}}