{"id":248,"date":"2018-11-28T11:34:55","date_gmt":"2018-11-28T11:34:55","guid":{"rendered":"https:\/\/www.homar.pt\/novo\/?page_id=248"},"modified":"2018-11-28T16:30:59","modified_gmt":"2018-11-28T16:30:59","slug":"empresa","status":"publish","type":"page","link":"https:\/\/www.homar.pt\/novo\/empresa\/","title":{"rendered":"Empresa"},"content":{"rendered":"<p>[et_pb_section bb_built=&#8221;1&#8243; fullwidth=&#8221;on&#8221; specialty=&#8221;off&#8221; next_background_color=&#8221;#000000&#8243;][et_pb_fullwidth_header _builder_version=&#8221;3.17.6&#8243; title=&#8221;Empresa&#8221; background_color=&#8221;#f4f4f4&#8243; border_width_top=&#8221;2px&#8221; border_color_top=&#8221;#eeeeee&#8221; border_width_bottom=&#8221;1px&#8221; border_color_bottom=&#8221;#eeeeee&#8221; title_text_color=&#8221;#00923f&#8221; \/][\/et_pb_section][et_pb_section bb_built=&#8221;1&#8243; prev_background_color=&#8221;#000000&#8243;][et_pb_row][et_pb_column type=&#8221;4_4&#8243;][et_pb_text _builder_version=&#8221;3.17.6&#8243;]<\/p>\n<h3>Homar, Lda<\/h3>\n<p class=\"\">A empresa \u201cHomar, Lda\u201d foi criada em 1990, ap\u00f3s 10 anos de labora\u00e7\u00e3o em nome individual, dedicando-se desde sempre \u00e0 concep\u00e7\u00e3o de instala\u00e7\u00f5es t\u00e9cnicas em edif\u00edcios.<\/p>\n<p>[\/et_pb_text][et_pb_image _builder_version=&#8221;3.17.6&#8243; src=&#8221;https:\/\/www.homar.pt\/novo\/wp-content\/uploads\/2018\/11\/homar1-1.jpg&#8221; \/][\/et_pb_column][\/et_pb_row][et_pb_row][et_pb_column type=&#8221;3_5&#8243;][et_pb_text _builder_version=&#8221;3.17.6&#8243;]<\/p>\n<h3 class=\"\">Quem\u00a0<strong>Somos?<\/strong><\/h3>\n<p class=\"\">A empresa \u201cHomar, Lda\u201d \u00a0foi criada em 1990, ap\u00f3s 10 anos de labora\u00e7\u00e3o em nome individual, dedicando-se desde sempre \u00e0 concep\u00e7\u00e3o de instala\u00e7\u00f5es t\u00e9cnicas em edif\u00edcios.<\/p>\n<p class=\"\">Nos mais de 30 anos de labora\u00e7\u00e3o, a \u201cHomar, Lda\u201d tem procurado estar na vanguarda das novas tecnologias e produtos, dotando-se das compet\u00eancias t\u00e9cnicas e humanas, consequ\u00eancia de uma constante forma\u00e7\u00e3o e refor\u00e7o dos seus colaboradores.<\/p>\n<p>Garantimos assim uma resposta tecnicamente eficaz, a custos competitivos.<\/p>\n<p class=\"\">Honestidade, Compet\u00eancia e Rigor, consubst\u00e2nciam o nosso lema.<\/p>\n<p>[\/et_pb_text][\/et_pb_column][et_pb_column type=&#8221;2_5&#8243;][et_pb_text _builder_version=&#8221;3.17.6&#8243;]<\/p>\n<h3 class=\"\">O nossos\u00a0<strong class=\"\">Lema<\/strong><\/h3>\n<ul class=\"list_4\">\n<li class=\"\"><i class=\"fa fa-arrow-circle-o-right\"><\/i>\u00a0Honestidade<\/li>\n<li><i class=\"fa fa-arrow-circle-o-right\"><\/i>\u00a0Compet\u00eancia<\/li>\n<li class=\"\"><i class=\"fa fa-arrow-circle-o-right\"><\/i>\u00a0Rigor<\/li>\n<\/ul>\n<p>[\/et_pb_text][\/et_pb_column][\/et_pb_row][et_pb_row][et_pb_column type=&#8221;4_4&#8243;][et_pb_text _builder_version=&#8221;3.17.6&#8243;]<\/p>\n<h3>A nossa\u00a0<strong>Miss\u00e3o<\/strong><\/h3>\n<p class=\"\">A protec\u00e7\u00e3o do meio ambiente e a satisfa\u00e7\u00e3o das necessidades energ\u00e9ticas das sociedades modernas n\u00e3o t\u00eam de ser necessariamente incompat\u00edveis.<\/p>\n<p class=\"\">A produ\u00e7\u00e3o de energia a partir de fontes renov\u00e1veis aproxima estes \u201cdois mundos\u201d at\u00e9 agora divergentes.<\/p>\n<p class=\"\">A HOMAR, Lda., prop\u00f5e solu\u00e7\u00f5es utilizando a tecnologia solar fotovolt\u00e1ica e e\u00f3lica para projectos de produ\u00e7\u00e3o de energia el\u00e9ctrica e tecnologia solar t\u00e9rmica para produ\u00e7\u00e3o de \u00e1guas quentes.<\/p>\n<p>[\/et_pb_text][\/et_pb_column][\/et_pb_row][\/et_pb_section]<\/p>\n","protected":false},"excerpt":{"rendered":"<p><div class=\"et_pb_row et_pb_row_0 et_pb_row_empty\">\n\t\t\t\t\n\t\t\t\t\n\t\t\t\t\n\t\t\t\t\n\t\t\t\t\n\t\t\t<\/div> Homar, Lda A empresa \u201cHomar, Lda\u201d foi criada em 1990, ap\u00f3s 10 anos de labora\u00e7\u00e3o em nome individual, dedicando-se desde sempre \u00e0 concep\u00e7\u00e3o de instala\u00e7\u00f5es t\u00e9cnicas em edif\u00edcios. <div class=\"et_pb_row et_pb_row_1 et_pb_row_empty\">\n\t\t\t\t\n\t\t\t\t\n\t\t\t\t\n\t\t\t\t\n\t\t\t\t\n\t\t\t<\/div> Quem\u00a0Somos? A empresa \u201cHomar, Lda\u201d \u00a0foi criada em 1990, ap\u00f3s 10 anos de labora\u00e7\u00e3o em nome individual, dedicando-se desde sempre \u00e0 concep\u00e7\u00e3o de instala\u00e7\u00f5es t\u00e9cnicas [&hellip;]<\/p>\n","protected":false},"author":1,"featured_media":0,"parent":0,"menu_order":0,"comment_status":"closed","ping_status":"closed","template":"","meta":{"_et_pb_use_builder":"on","_et_pb_old_content":"","_et_gb_content_width":"","footnotes":""},"class_list":["post-248","page","type-page","status-publish","hentry"],"_links":{"self":[{"href":"https:\/\/www.homar.pt\/novo\/wp-json\/wp\/v2\/pages\/248","targetHints":{"allow":["GET"]}}],"collection":[{"href":"https:\/\/www.homar.pt\/novo\/wp-json\/wp\/v2\/pages"}],"about":[{"href":"https:\/\/www.homar.pt\/novo\/wp-json\/wp\/v2\/types\/page"}],"author":[{"embeddable":true,"href":"https:\/\/www.homar.pt\/novo\/wp-json\/wp\/v2\/users\/1"}],"replies":[{"embeddable":true,"href":"https:\/\/www.homar.pt\/novo\/wp-json\/wp\/v2\/comments?post=248"}],"version-history":[{"count":2,"href":"https:\/\/www.homar.pt\/novo\/wp-json\/wp\/v2\/pages\/248\/revisions"}],"predecessor-version":[{"id":292,"href":"https:\/\/www.homar.pt\/novo\/wp-json\/wp\/v2\/pages\/248\/revisions\/292"}],"wp:attachment":[{"href":"https:\/\/www.homar.pt\/novo\/wp-json\/wp\/v2\/media?parent=248"}],"curies":[{"name":"wp","href":"https:\/\/api.w.org\/{rel}","templated":true}]}}